{"id":53,"date":"2016-10-12T20:15:22","date_gmt":"2016-10-12T20:15:22","guid":{"rendered":"http:\/\/localhost:7777\/ariana\/?page_id=4"},"modified":"2025-06-22T11:39:03","modified_gmt":"2025-06-22T11:39:03","slug":"home-page","status":"publish","type":"page","link":"https:\/\/infinitesky.eu\/","title":{"rendered":"Home Page"},"content":{"rendered":"<p><section class=\"kc-elm kc-css-832345 kc_row\"><div class=\"kc-row-container  kc-container\"><div class=\"kc-wrap-columns\">\n\t\t\t<!-- START Home One REVOLUTION SLIDER 6.3.2 --><p class=\"rs-p-wp-fix\"><\/p>\n\t\t\t<rs-module-wrap id=\"rev_slider_1_1_wrapper\" data-source=\"gallery\" style=\"background:transparent;padding:0;margin:0px auto;margin-top:0;margin-bottom:0;\">\n\t\t\t\t<rs-module id=\"rev_slider_1_1\" style=\"\" data-version=\"6.3.2\">\n\t\t\t\t\t<rs-slides>\n\t\t\t\t\t\t<rs-slide data-key=\"rs-7\" data-title=\"Slide\" data-thumb=\"\/\/infinitesky.eu\/wp-content\/uploads\/2021\/03\/clouds-2329680-scaled-100x50.jpg\" data-anim=\"ei:d;eo:d;s:600;r:0;t:fade;sl:d;\">\n\t\t\t\t\t\t\t<img loading=\"lazy\" decoding=\"async\" src=\"\/\/infinitesky.eu\/wp-content\/uploads\/2021\/03\/clouds-2329680-scaled.jpg\" title=\"clouds-2329680\" width=\"2560\" height=\"1440\" data-panzoom=\"d:20000ms;ss:190%;se:100;os:0\/300px;\" class=\"rev-slidebg\" data-no-retina>\n<!--\n\t\t\t\t\t\t\t--><rs-layer\n\t\t\t\t\t\t\t\tid=\"slider-1-slide-7-layer-1\" \n\t\t\t\t\t\t\t\tdata-type=\"text\"\n\t\t\t\t\t\t\t\tdata-color=\"rgba(255,255,255,1)\"\n\t\t\t\t\t\t\t\tdata-rsp_ch=\"on\"\n\t\t\t\t\t\t\t\tdata-xy=\"x:c;xo:0,0,0,21px;y:m;yo:-59px,-59px,-59px,-136px;\"\n\t\t\t\t\t\t\t\tdata-text=\"s:40,40,30,30;l:22;fw:700;a:left,left,left,center;\"\n\t\t\t\t\t\t\t\tdata-dim=\"w:auto,auto,auto,430px;h:auto,auto,auto,24px;\"\n\t\t\t\t\t\t\t\tdata-frame_0=\"sX:0.9;sY:0.9;\"\n\t\t\t\t\t\t\t\tdata-frame_1=\"x:-34px;y:-1px;e:power2.out;st:500;sp:1000;\"\n\t\t\t\t\t\t\t\tdata-frame_999=\"o:0;e:nothing;st:w;\"\n\t\t\t\t\t\t\t\tstyle=\"z-index:10;font-family:Montserrat;text-transform:uppercase;\"\n\t\t\t\t\t\t\t>Welcome to Infinite Sky! \n \n\t\t\t\t\t\t\t<\/rs-layer><!--\n\n\t\t\t\t\t\t\t--><rs-layer\n\t\t\t\t\t\t\t\tid=\"slider-1-slide-7-layer-2\" \n\t\t\t\t\t\t\t\tdata-type=\"text\"\n\t\t\t\t\t\t\t\tdata-color=\"rgba(255,255,255,1)\"\n\t\t\t\t\t\t\t\tdata-bsh=\"c:rgba(0,0,0,0.5);\"\n\t\t\t\t\t\t\t\tdata-tsh=\"c:rgba(0,0,0,0.75);v:10px,8px,6px,3px;b:10px,8px,6px,3px;\"\n\t\t\t\t\t\t\t\tdata-rsp_ch=\"on\"\n\t\t\t\t\t\t\t\tdata-xy=\"x:c;xo:-9px,-7px,-5px,-3px;y:m;yo:5px,4px,3px,1px;\"\n\t\t\t\t\t\t\t\tdata-text=\"w:normal;s:20,16,12,7;l:22,18,13,8;ls:1px,0px,0px,0px;fw:600;a:center;\"\n\t\t\t\t\t\t\t\tdata-dim=\"w:2000px,1651px,1254px,773px;h:47px,38px,28px,17px;\"\n\t\t\t\t\t\t\t\tdata-vbility=\"t,t,f,f\"\n\t\t\t\t\t\t\t\tdata-frame_0=\"x:175%;o:1;\"\n\t\t\t\t\t\t\t\tdata-frame_0_mask=\"u:t;x:-100%;\"\n\t\t\t\t\t\t\t\tdata-frame_1=\"x:-53px,-43px,-32px,-19px;y:9px,7px,5px,3px;e:power3.out;st:500;sp:1500;\"\n\t\t\t\t\t\t\t\tdata-frame_1_mask=\"u:t;\"\n\t\t\t\t\t\t\t\tdata-frame_999=\"o:0;e:nothing;st:w;\"\n\t\t\t\t\t\t\t\tstyle=\"z-index:8;font-family:Source Sans Pro;\"\n\t\t\t\t\t\t\t>Discover your Infinite Consciousness\n \n\t\t\t\t\t\t\t<\/rs-layer><!--\n\n\t\t\t\t\t\t\t--><a\n\t\t\t\t\t\t\t\tid=\"slider-1-slide-7-layer-4\" \n\t\t\t\t\t\t\t\tclass=\"rs-layer\"\n\t\t\t\t\t\t\t\thref=\"https:\/\/infinitesky.eu\/index.php\/shop\/\" target=\"_self\"\n\t\t\t\t\t\t\t\tdata-type=\"text\"\n\t\t\t\t\t\t\t\tdata-color=\"rgba(255,255,255,1)\"\n\t\t\t\t\t\t\t\tdata-rsp_ch=\"on\"\n\t\t\t\t\t\t\t\tdata-xy=\"x:c;xo:-5px;y:m;yo:88px;\"\n\t\t\t\t\t\t\t\tdata-text=\"w:normal;s:20,20,15,15;l:22;\"\n\t\t\t\t\t\t\t\tdata-dim=\"w:362px;h:62px;\"\n\t\t\t\t\t\t\t\tdata-frame_0=\"y:50px;\"\n\t\t\t\t\t\t\t\tdata-frame_1=\"e:power2.inOut;st:500;sp:2000;sR:500;\"\n\t\t\t\t\t\t\t\tdata-frame_999=\"o:0;e:nothing;st:w;sR:6500;\"\n\t\t\t\t\t\t\t\tstyle=\"z-index:7;font-family:Montserrat;padding:20px 25px!important;\"\n\t\t\t\t\t\t\t><ahref=\"https:\/\/infinitesky.eu\/index.php\/shop-2\/shop\/\" class=\"btn-home-bg\"> Get Your Tarot Reading <\/a> \n\t\t\t\t\t\t\t<\/a><!--\n-->\t\t\t\t\t\t<\/rs-slide>\n\t\t\t\t\t\t<rs-slide data-key=\"rs-1\" data-title=\"Slide\" data-thumb=\"\/\/infinitesky.eu\/wp-content\/uploads\/2021\/03\/crystal-ball-4006971-scaled-100x50.jpg\" data-anim=\"ei:d;eo:d;s:600;r:0;t:fade;sl:d;\">\n\t\t\t\t\t\t\t<img loading=\"lazy\" decoding=\"async\" src=\"\/\/infinitesky.eu\/wp-content\/uploads\/2021\/03\/crystal-ball-4006971-scaled.jpg\" title=\"crystal-ball-4006971\" width=\"2560\" height=\"1707\" class=\"rev-slidebg\" data-no-retina>\n<!--\n\t\t\t\t\t\t\t--><rs-layer\n\t\t\t\t\t\t\t\tid=\"slider-1-slide-1-layer-1\" \n\t\t\t\t\t\t\t\tdata-type=\"text\"\n\t\t\t\t\t\t\t\tdata-color=\"#ad0000\"\n\t\t\t\t\t\t\t\tdata-rsp_ch=\"on\"\n\t\t\t\t\t\t\t\tdata-xy=\"x:c;xo:0,0,2px,2px;y:m;yo:-59px;\"\n\t\t\t\t\t\t\t\tdata-text=\"s:40,40,30,30;l:22;fw:700;\"\n\t\t\t\t\t\t\t\tdata-frame_0=\"sX:0.9;sY:0.9;\"\n\t\t\t\t\t\t\t\tdata-frame_1=\"x:-52px;y:-1px;e:power2.out;st:500;sp:1000;\"\n\t\t\t\t\t\t\t\tdata-frame_999=\"o:0;e:nothing;st:w;\"\n\t\t\t\t\t\t\t\tstyle=\"z-index:10;font-family:Montserrat;text-transform:uppercase;\"\n\t\t\t\t\t\t\t>Tarot & Spirituality\n \n\t\t\t\t\t\t\t<\/rs-layer><!--\n\n\t\t\t\t\t\t\t--><rs-layer\n\t\t\t\t\t\t\t\tid=\"slider-1-slide-1-layer-2\" \n\t\t\t\t\t\t\t\tdata-type=\"text\"\n\t\t\t\t\t\t\t\tdata-color=\"#ff3a2d\"\n\t\t\t\t\t\t\t\tdata-tsh=\"c:rgba(0,0,0,0.45);h:15px,12px,9px,5px;v:15px,12px,9px,5px;b:20px,16px,12px,7px;\"\n\t\t\t\t\t\t\t\tdata-rsp_ch=\"on\"\n\t\t\t\t\t\t\t\tdata-xy=\"x:c;y:m;\"\n\t\t\t\t\t\t\t\tdata-text=\"w:normal;s:22,18,13,8;l:28,23,17,10;ls:2,1,0,0;a:center;\"\n\t\t\t\t\t\t\t\tdata-dim=\"w:795px,656px,498px,307px;minh:0,none,none,none;\"\n\t\t\t\t\t\t\t\tdata-vbility=\"t,t,f,f\"\n\t\t\t\t\t\t\t\tdata-frame_0=\"x:175%;o:1;\"\n\t\t\t\t\t\t\t\tdata-frame_0_mask=\"u:t;x:-100%;\"\n\t\t\t\t\t\t\t\tdata-frame_1=\"x:-20px,-16px,-12px,-7px;y:1px,0px,0px,0px;e:power3.out;st:500;sp:1500;\"\n\t\t\t\t\t\t\t\tdata-frame_1_mask=\"u:t;\"\n\t\t\t\t\t\t\t\tdata-frame_999=\"o:0;e:nothing;st:w;\"\n\t\t\t\t\t\t\t\tstyle=\"z-index:8;font-family:Source Sans Pro;\"\n\t\t\t\t\t\t\t>Guidance from your spirit guides & other higher interdimensional beings\n \n\t\t\t\t\t\t\t<\/rs-layer><!--\n\n\t\t\t\t\t\t\t--><a\n\t\t\t\t\t\t\t\tid=\"slider-1-slide-1-layer-3\" \n\t\t\t\t\t\t\t\tclass=\"rs-layer\"\n\t\t\t\t\t\t\t\thref=\"https:\/\/infinitesky.eu\/index.php\/shop\/\" target=\"_self\"\n\t\t\t\t\t\t\t\tdata-type=\"text\"\n\t\t\t\t\t\t\t\tdata-color=\"rgba(255,255,255,1)\"\n\t\t\t\t\t\t\t\tdata-rsp_ch=\"on\"\n\t\t\t\t\t\t\t\tdata-xy=\"x:c;xo:-1px;y:m;yo:84px;\"\n\t\t\t\t\t\t\t\tdata-text=\"w:normal;s:20,20,15,15;l:22;\"\n\t\t\t\t\t\t\t\tdata-dim=\"w:375px;h:62;\"\n\t\t\t\t\t\t\t\tdata-frame_0=\"y:51px;\"\n\t\t\t\t\t\t\t\tdata-frame_1=\"e:power2.inOut;st:500;sp:2000;\"\n\t\t\t\t\t\t\t\tdata-frame_999=\"o:0;e:nothing;st:w;\"\n\t\t\t\t\t\t\t\tstyle=\"z-index:9;font-family:Montserrat;padding:20px 25px!important;\"\n\t\t\t\t\t\t\t><ahref=\"https:\/\/infinitesky.eu\/index.php\/shop-2\/shop\/\" class=\"btn-home-bg\"> GET YOUR TAROT READING <\/a> \n\t\t\t\t\t\t\t<\/a><!--\n-->\t\t\t\t\t\t<\/rs-slide>\n\t\t\t\t\t\t<rs-slide data-key=\"rs-2\" data-title=\"Slide\" data-thumb=\"\/\/infinitesky.eu\/wp-content\/uploads\/2021\/03\/crystal-ball-photography-3884125-scaled-100x50.jpg\" data-anim=\"ei:d;eo:d;s:600;r:0;t:fade;sl:d;\">\n\t\t\t\t\t\t\t<img loading=\"lazy\" decoding=\"async\" src=\"\/\/infinitesky.eu\/wp-content\/uploads\/2021\/03\/crystal-ball-photography-3884125-scaled.jpg\" title=\"crystal-ball-photography-3884125\" width=\"2560\" height=\"1730\" class=\"rev-slidebg\" data-no-retina>\n<!--\n\t\t\t\t\t\t\t--><rs-layer\n\t\t\t\t\t\t\t\tid=\"slider-1-slide-2-layer-1\" \n\t\t\t\t\t\t\t\tdata-type=\"text\"\n\t\t\t\t\t\t\t\tdata-color=\"#00ff7b\"\n\t\t\t\t\t\t\t\tdata-bsh=\"c:rgba(0,0,0,0.15);h:5px,4px,2px,3px;v:5px,4px,2px,3px;b:10px,8px,5px,9px;\"\n\t\t\t\t\t\t\t\tdata-tsh=\"c:rgba(0,0,0,0.75);h:5px,4px,3px,1px;b:10px,8px,6px,3px;\"\n\t\t\t\t\t\t\t\tdata-rsp_ch=\"on\"\n\t\t\t\t\t\t\t\tdata-xy=\"x:c;xo:-1px,0,0,8px;y:m;yo:-102px,-84px,-63px,-64px;\"\n\t\t\t\t\t\t\t\tdata-text=\"s:40,33,30,47;l:22,18,10,25;fw:700;\"\n\t\t\t\t\t\t\t\tdata-dim=\"w:auto,auto,auto,252px;h:auto,auto,auto,63px;\"\n\t\t\t\t\t\t\t\tdata-frame_0=\"sX:0.9;sY:0.9;\"\n\t\t\t\t\t\t\t\tdata-frame_1=\"x:-55px,-45px,-27px,-63px;y:-3px,-2px,-1px,0px;e:power2.out;st:930;sp:1000;sR:930;\"\n\t\t\t\t\t\t\t\tdata-frame_999=\"o:0;e:nothing;st:w;sR:7070;\"\n\t\t\t\t\t\t\t\tstyle=\"z-index:5;font-family:Montserrat;text-transform:uppercase;\"\n\t\t\t\t\t\t\t>Pure awareness \n\t\t\t\t\t\t\t<\/rs-layer><!--\n\n\t\t\t\t\t\t\t--><rs-layer\n\t\t\t\t\t\t\t\tid=\"slider-1-slide-2-layer-2\" \n\t\t\t\t\t\t\t\tdata-type=\"text\"\n\t\t\t\t\t\t\t\tdata-bsh=\"c:rgba(0,0,0,0.5);\"\n\t\t\t\t\t\t\t\tdata-tsh=\"c:rgba(0,0,0,0.75);h:7px,5px,3px,1px;v:7px,5px,3px,1px;b:10px,8px,6px,3px;\"\n\t\t\t\t\t\t\t\tdata-rsp_ch=\"on\"\n\t\t\t\t\t\t\t\tdata-xy=\"x:c;xo:21px,17px,12px,7px;y:m;yo:-12px,-9px,-6px,-3px;\"\n\t\t\t\t\t\t\t\tdata-text=\"w:normal;s:21,17,12,7;l:30,24,18,11;ls:1px,0px,0px,0px;fw:600;a:center;\"\n\t\t\t\t\t\t\t\tdata-dim=\"w:816px,673px,511px,315px;h:47px,38px,28px,17px;\"\n\t\t\t\t\t\t\t\tdata-vbility=\"t,t,f,f\"\n\t\t\t\t\t\t\t\tdata-frame_0=\"x:175%;o:1;\"\n\t\t\t\t\t\t\t\tdata-frame_0_mask=\"u:t;x:-100%;\"\n\t\t\t\t\t\t\t\tdata-frame_1=\"x:-57px,-47px,-35px,-21px;y:2px,1px,0px,0px;e:power3.out;st:500;sp:1500;sR:500;\"\n\t\t\t\t\t\t\t\tdata-frame_1_mask=\"u:t;\"\n\t\t\t\t\t\t\t\tdata-frame_999=\"o:0;e:nothing;st:w;sR:7000;\"\n\t\t\t\t\t\t\t\tdata-frame_hover=\"oX:50;oY:50;sp:0;e:none;\"\n\t\t\t\t\t\t\t\tstyle=\"z-index:6;font-family:Source Sans Pro;\"\n\t\t\t\t\t\t\t>Awaken to your true nature \n\t\t\t\t\t\t\t<\/rs-layer><!--\n\n\t\t\t\t\t\t\t--><a\n\t\t\t\t\t\t\t\tid=\"slider-1-slide-2-layer-3\" \n\t\t\t\t\t\t\t\tclass=\"rs-layer\"\n\t\t\t\t\t\t\t\thref=\"https:\/\/infinitesky.eu\/index.php\/shop\/\" target=\"_self\"\n\t\t\t\t\t\t\t\tdata-type=\"text\"\n\t\t\t\t\t\t\t\tdata-color=\"rgba(255,255,255,1)\"\n\t\t\t\t\t\t\t\tdata-rsp_ch=\"on\"\n\t\t\t\t\t\t\t\tdata-xy=\"x:c;xo:13px;y:m;yo:82px;\"\n\t\t\t\t\t\t\t\tdata-text=\"w:normal;s:20,20,15,15;l:22;\"\n\t\t\t\t\t\t\t\tdata-dim=\"w:362px;h:61px;\"\n\t\t\t\t\t\t\t\tdata-frame_0=\"y:50px;\"\n\t\t\t\t\t\t\t\tdata-frame_1=\"e:power2.inOut;st:500;sp:2000;sR:500;\"\n\t\t\t\t\t\t\t\tdata-frame_999=\"o:0;e:nothing;st:w;sR:6500;\"\n\t\t\t\t\t\t\t\tstyle=\"z-index:7;font-family:Montserrat;padding:20px 25px!important;\"\n\t\t\t\t\t\t\t><ahref=\"https:\/\/infinitesky.eu\/index.php\/shop-2\/shop\/\" class=\"btn-home-bg\"> Get Your Tarot Reading <\/a> \n\t\t\t\t\t\t\t<\/a><!--\n-->\t\t\t\t\t\t<\/rs-slide>\n\t\t\t\t\t<\/rs-slides>\n\t\t\t\t<\/rs-module>\n\t\t\t\t<script type=\"text\/javascript\">\n\t\t\t\t\tsetREVStartSize({c: 'rev_slider_1_1',rl:[1240,1024,778,480],el:[650,768,300,500],gw:[1240,1024,778,480],gh:[650,768,300,500],type:'standard',justify:'',layout:'fullwidth',mh:\"0\"});\n\t\t\t\t\tvar\trevapi1,\n\t\t\t\t\t\ttpj;\n\t\t\t\t\tfunction revinit_revslider11() {\n\t\t\t\t\tjQuery(function() {\n\t\t\t\t\t\ttpj = jQuery;\n\t\t\t\t\t\trevapi1 = tpj(\"#rev_slider_1_1\");\n\t\t\t\t\t\tif(revapi1==undefined || revapi1.revolution == undefined){\n\t\t\t\t\t\t\trevslider_showDoubleJqueryError(\"rev_slider_1_1\");\n\t\t\t\t\t\t}else{\n\t\t\t\t\t\t\trevapi1.revolution({\n\t\t\t\t\t\t\t\tsliderLayout:\"fullwidth\",\n\t\t\t\t\t\t\t\tvisibilityLevels:\"1240,1024,778,480\",\n\t\t\t\t\t\t\t\tgridwidth:\"1240,1024,778,480\",\n\t\t\t\t\t\t\t\tgridheight:\"650,768,300,500\",\n\t\t\t\t\t\t\t\tspinner:\"spinner0\",\n\t\t\t\t\t\t\t\tperspective:600,\n\t\t\t\t\t\t\t\tperspectiveType:\"local\",\n\t\t\t\t\t\t\t\teditorheight:\"650,768,300,500\",\n\t\t\t\t\t\t\t\tresponsiveLevels:\"1240,1024,778,480\",\n\t\t\t\t\t\t\t\tprogressBar:{disableProgressBar:true},\n\t\t\t\t\t\t\t\tnavigation: {\n\t\t\t\t\t\t\t\t\tmouseScrollNavigation:false,\n\t\t\t\t\t\t\t\t\twheelCallDelay:1000,\n\t\t\t\t\t\t\t\t\tonHoverStop:false,\n\t\t\t\t\t\t\t\t\tarrows: {\n\t\t\t\t\t\t\t\t\t\tenable:true,\n\t\t\t\t\t\t\t\t\t\ttmp:\"<div class=\\\"tp-arr-allwrapper\\\">\t<div class=\\\"tp-arr-imgholder\\\"><\/div><\/div>\",\n\t\t\t\t\t\t\t\t\t\tstyle:\"hades\",\n\t\t\t\t\t\t\t\t\t\tleft: {\n\t\t\t\t\t\t\t\t\t\t\tv_offset:-1\n\t\t\t\t\t\t\t\t\t\t},\n\t\t\t\t\t\t\t\t\t\tright: {\n\t\t\t\t\t\t\t\t\t\t\tv_offset:-1\n\t\t\t\t\t\t\t\t\t\t}\n\t\t\t\t\t\t\t\t\t}\n\t\t\t\t\t\t\t\t},\n\t\t\t\t\t\t\t\tfallbacks: {\n\t\t\t\t\t\t\t\t\tallowHTML5AutoPlayOnAndroid:true\n\t\t\t\t\t\t\t\t},\n\t\t\t\t\t\t\t});\n\t\t\t\t\t\t}\n\t\t\t\t\t\t\n\t\t\t\t\t});\n\t\t\t\t\t} \/\/ End of RevInitScript\n\t\t\t\tvar once_revslider11 = false;\n\t\t\t\tif (document.readyState === \"loading\") {document.addEventListener('readystatechange',function() { if((document.readyState === \"interactive\" || document.readyState === \"complete\") && !once_revslider11 ) { once_revslider11 = true; revinit_revslider11();}});} else {once_revslider11 = true; revinit_revslider11();}\n\t\t\t\t<\/script>\n\t\t\t\t<script>\n\t\t\t\t\tvar htmlDivCss = unescape(\"%23rev_slider_1_1_wrapper%20.hades.tparrows%20%7B%0A%09cursor%3Apointer%3B%0A%09background%3Argba%280%2C0%2C0%2C0.25%29%3B%0A%09width%3A100px%3B%0A%09height%3A100px%3B%0A%09position%3Aabsolute%3B%0A%09display%3Ablock%3B%0A%09z-index%3A1000%3B%0A%7D%0A%0A%23rev_slider_1_1_wrapper%20.hades.tparrows%3Abefore%20%7B%0A%09font-family%3A%20%27revicons%27%3B%0A%09font-size%3A30px%3B%0A%09color%3A%23ffffff%3B%0A%09display%3Ablock%3B%0A%09line-height%3A%20100px%3B%0A%09text-align%3A%20center%3B%0A%20%20transition%3A%20background%200.3s%2C%20color%200.3s%3B%0A%7D%0A%23rev_slider_1_1_wrapper%20.hades.tparrows.tp-leftarrow%3Abefore%20%7B%0A%09content%3A%20%27%5Ce824%27%3B%0A%7D%0A%23rev_slider_1_1_wrapper%20.hades.tparrows.tp-rightarrow%3Abefore%20%7B%0A%09content%3A%20%27%5Ce825%27%3B%0A%7D%0A%0A%23rev_slider_1_1_wrapper%20.hades.tparrows%3Ahover%3Abefore%20%7B%0A%20%20%20color%3Argba%280%2C0%2C0%2C0.5%29%3B%0A%20%20%20background%3A%23ffffff%3B%0A%20%7D%0A%23rev_slider_1_1_wrapper%20.hades%20.tp-arr-allwrapper%20%7B%0A%20%20position%3Aabsolute%3B%0A%20%20left%3A100%25%3B%0A%20%20top%3A0px%3B%0A%20%20background%3A%23888%3B%20%0A%20%20width%3A100px%3Bheight%3A100px%3B%0A%20%20-webkit-transition%3A%20all%200.3s%3B%0A%20%20transition%3A%20all%200.3s%3B%0A%20%20-ms-filter%3A%20%27progid%3Adximagetransform.microsoft.alpha%28opacity%3D0%29%27%3B%0A%20%20filter%3A%20alpha%28opacity%3D0%29%3B%0A%20%20-moz-opacity%3A%200.0%3B%0A%20%20-khtml-opacity%3A%200.0%3B%0A%20%20opacity%3A%200.0%3B%0A%20%20-webkit-transform%3A%20rotatey%28-90deg%29%3B%0A%20%20transform%3A%20rotatey%28-90deg%29%3B%0A%20%20-webkit-transform-origin%3A%200%25%2050%25%3B%0A%20%20transform-origin%3A%200%25%2050%25%3B%0A%7D%0A%23rev_slider_1_1_wrapper%20.hades.tp-rightarrow%20.tp-arr-allwrapper%20%7B%0A%20%20%20left%3Aauto%3B%0A%20%20%20right%3A100%25%3B%0A%20%20%20-webkit-transform-origin%3A%20100%25%2050%25%3B%0A%20%20transform-origin%3A%20100%25%2050%25%3B%0A%20%20%20-webkit-transform%3A%20rotatey%2890deg%29%3B%0A%20%20transform%3A%20rotatey%2890deg%29%3B%0A%7D%0A%0A%23rev_slider_1_1_wrapper%20.hades%3Ahover%20.tp-arr-allwrapper%20%7B%0A%20%20%20-ms-filter%3A%20%27progid%3Adximagetransform.microsoft.alpha%28opacity%3D100%29%27%3B%0A%20%20filter%3A%20alpha%28opacity%3D100%29%3B%0A%20%20-moz-opacity%3A%201%3B%0A%20%20-khtml-opacity%3A%201%3B%0A%20%20opacity%3A%201%3B%20%20%0A%20%20%20%20-webkit-transform%3A%20rotatey%280deg%29%3B%0A%20%20transform%3A%20rotatey%280deg%29%3B%0A%0A%20%7D%0A%20%20%20%20%0A%23rev_slider_1_1_wrapper%20.hades%20.tp-arr-iwrapper%20%7B%0A%7D%0A%23rev_slider_1_1_wrapper%20.hades%20.tp-arr-imgholder%20%7B%0A%20%20background-size%3Acover%3B%0A%20%20position%3Aabsolute%3B%0A%20%20top%3A0px%3Bleft%3A0px%3B%0A%20%20width%3A100%25%3Bheight%3A100%25%3B%0A%7D%0A%23rev_slider_1_1_wrapper%20.hades%20.tp-arr-titleholder%20%7B%0A%7D%0A%23rev_slider_1_1_wrapper%20.hades%20.tp-arr-subtitleholder%20%7B%0A%7D%0A%0A\");\n\t\t\t\t\tvar htmlDiv = document.getElementById('rs-plugin-settings-inline-css');\n\t\t\t\t\tif(htmlDiv) {\n\t\t\t\t\t\thtmlDiv.innerHTML = htmlDiv.innerHTML + htmlDivCss;\n\t\t\t\t\t}else{\n\t\t\t\t\t\tvar htmlDiv = document.createElement('div');\n\t\t\t\t\t\thtmlDiv.innerHTML = '<style>' + htmlDivCss + '<\/style>';\n\t\t\t\t\t\tdocument.getElementsByTagName('head')[0].appendChild(htmlDiv.childNodes[0]);\n\t\t\t\t\t}\n\t\t\t\t<\/script>\n\t\t\t\t<script>\n\t\t\t\t\tvar htmlDivCss = unescape(\"%0A%0A%0A\");\n\t\t\t\t\tvar htmlDiv = document.getElementById('rs-plugin-settings-inline-css');\n\t\t\t\t\tif(htmlDiv) {\n\t\t\t\t\t\thtmlDiv.innerHTML = htmlDiv.innerHTML + htmlDivCss;\n\t\t\t\t\t}else{\n\t\t\t\t\t\tvar htmlDiv = document.createElement('div');\n\t\t\t\t\t\thtmlDiv.innerHTML = '<style>' + htmlDivCss + '<\/style>';\n\t\t\t\t\t\tdocument.getElementsByTagName('head')[0].appendChild(htmlDiv.childNodes[0]);\n\t\t\t\t\t}\n\t\t\t\t<\/script>\n\t\t\t<\/rs-module-wrap>\n\t\t\t<!-- END REVOLUTION SLIDER -->\n<div class=\"kc-elm kc-css-891712 kc_col-sm-12 kc_column kc_col-sm-12\"><div class=\"kc-col-container\"><\/div><\/div><\/div><\/div><\/section><section class=\"kc-elm kc-css-892309 kc_row\"><div class=\"kc-row-container\"><div class=\"kc-wrap-columns\"><div class=\"kc-elm kc-css-713599 kc_col-sm-12 kc_column kc_col-sm-12\"><div class=\"kc-col-container\">\r\n<!-- START ABOUT FEATURE CONTENT -->\r\n<section id=\"service\" class=\"feature section-padding\">\r\n\t<div class=\"container\">\r\n\t\t<div class=\"row text-center\">\r\n\t\t\r\n\t\t\t<div class=\"section-title wow zoomIn\">\r\n\t\t\t\t\t\t\t\t<h2>Tarot reading types<\/h2>\r\n\t\t\t\t<span><\/span>\r\n\t\t\t\t\t\t\t\t<p>You can choose from these options of tarot readings which I provide. \r\nAll of them are done using Tarot and oracle cards.\r\nI receive subtle energies from  spirit guides and higher beings.\r\n<\/p>\r\n\t\t\t\t\t\t\t<\/div>\r\n\t\t\t\r\n\t\t\t\r\n\t\t\t\r\n\t<div class=\"col-md-4 col-sm-4 col-xs-12\">\r\n\t\t<div class=\"about_single wow fadeInLeft\" data-wow-duration=\"1s\" data-wow-delay=\"0.1s\" data-wow-offset=\"0\">\r\n\t\t\t<i class=\"fa et-heart\"><\/i>\r\n\t\t\t<h4>Love &amp; Relationships<\/h4>\r\n\t\t\t<span><\/span>\r\n\t\t\t<p>Are you looking for love? \r\nAre you involved in twin flame, soulmate or karmic relationship? <\/p>\r\n\t\t<\/div>\r\n\t<\/div><!--- END COL -->\r\n\t\t\r\n\r\n\t<div class=\"col-md-4 col-sm-4 col-xs-12\">\r\n\t\t<div class=\"about_single wow fadeInLeft\" data-wow-duration=\"1s\" data-wow-delay=\"0.1s\" data-wow-offset=\"0\">\r\n\t\t\t<i class=\"fa fa-umbrella\"><\/i>\r\n\t\t\t<h4>Future predictions<\/h4>\r\n\t\t\t<span><\/span>\r\n\t\t\t<p>What is coming for you in your future? Any time from present moment (in weeks, months or years).<\/p>\r\n\t\t<\/div>\r\n\t<\/div><!--- END COL -->\r\n\t\t\r\n\r\n\t<div class=\"col-md-4 col-sm-4 col-xs-12\">\r\n\t\t<div class=\"about_single wow fadeInLeft\" data-wow-duration=\"1s\" data-wow-delay=\"0.1s\" data-wow-offset=\"0\">\r\n\t\t\t<i class=\"fa et-lightbulb\"><\/i>\r\n\t\t\t<h4>Any question<\/h4>\r\n\t\t\t<span><\/span>\r\n\t\t\t<p>Need help on your life path? Ask any question you like. <\/p>\r\n\t\t<\/div>\r\n\t<\/div><!--- END COL -->\r\n\t\t\r\n\t\t\t\r\n\t\t<\/div><!--- END ROW -->\r\n\t<\/div><!--- END CONTAINER -->\r\n<\/section>\r\n<!-- END ABOUT FEATURE CONTENT -->\r\n\t\t\r\n<\/div><\/div><\/div><\/div><\/section><section class=\"kc-elm kc-css-811584 kc_row\"><div class=\"kc-row-container\"><div class=\"kc-wrap-columns\"><div class=\"kc-elm kc-css-1547 kc_col-sm-12 kc_column kc_col-sm-12\"><div class=\"kc-col-container\">\r\n\t\t<!-- PROMOTION -->\r\n\t\t<section class=\"buy_now\">\r\n\t\t\t<div class=\"container text-center\">\r\n\t\t\t\t<h3 class=\"buy_now_title\">Book a personal tarot reading <a href=\"https:\/\/infinitesky.eu\/index.php\/shop-2\/shop\/\" class=\"btn btn-default btn-promotion-bg\">book a reading<\/a> <\/h3>\r\n\t\t\t<\/div><!--- END CONTAINER -->\r\n\t\t<\/section>\r\n\t\t<!-- END PROMOTION -->\r\n\t\t\r\n<\/div><\/div><\/div><\/div><\/section><section class=\"kc-elm kc-css-770324 kc_row\"><div class=\"kc-row-container\"><div class=\"kc-wrap-columns\"><div class=\"kc-elm kc-css-107305 kc_col-sm-12 kc_column kc_col-sm-12\"><div class=\"kc-col-container\">\r\n\t\r\n\t<div class=\"section-title wow zoomIn text-center\">\r\n\t\t\t<\/div>\r\n\t\r\n\t\t\r\n\r\n\t\r\n\t<div class=\"section-title wow zoomIn text-center\">\r\n\t\t\t\t\t<h2>Infinite Sky on YouTube<\/h2>\t\t\r\n\t\t<span><\/span>\r\n\t\t\t\t<p>Variety of Pick a card videos + spirituality related videos<\/p>\r\n\t\t\t<\/div>\r\n\t\r\n\t\t\r\n<div class=\"kc-elm kc-css-314076 kc-animated kc-animate-eff-fadeIn kc_shortcode kc_single_image\">\n\n        <a  href=\"https:\/\/infinitesky.eu\/index.php\/2021\/03\/17\/infinte-sky-on-youtube\/\" title=\"Infinite Sky YouTube channel\" target=\"_blank\">\n        <img decoding=\"async\" src=\"https:\/\/infinitesky.eu\/wp-content\/uploads\/2016\/10\/8gzcr6RpGStvZFA2qRt4v6-300x168.jpg\" class=\"See more Pick a card videos\" alt=\"\" \/><div class=\"kc-image-overlay\"><i class=\"et-video\"><\/i><\/div>    <\/a>\n    <\/div>\n<\/div><\/div><\/div><\/div><\/section><section class=\"kc-elm kc-css-432184 kc_row\"><div class=\"kc-row-container\"><div class=\"kc-wrap-columns\"><div class=\"kc-elm kc-css-816719 kc_col-sm-12 kc_column kc_col-sm-12\"><div class=\"kc-col-container\">\r\n\t\r\n\t<div class=\"section-title wow zoomIn text-center\">\r\n\t\t\t<\/div>\r\n\t\r\n\t\t\r\n<\/div><\/div><\/div><\/div><\/section><section id=\"about-infinite-sky\" class=\"kc-elm kc-css-372577 kc_row\"><div class=\"kc-row-container\"><div class=\"kc-wrap-columns\"><div class=\"kc-elm kc-css-866312 kc_col-sm-12 kc_column kc_col-sm-12\"><div class=\"kc-col-container\">\r\n\t\r\n\t<div class=\"section-title wow zoomIn text-center\">\r\n\t\t\t\t\t<h2>ABOUT INFINITE SKY<\/h2>\t\t\r\n\t\t<span><\/span>\r\n\t\t\t\t<p>My name is Danguol\u0117, I am 30 years old and I am living in Lithuania. I started channeling using Tarot cards in 2019. I've been working as a Tarot reader and helping people for 4 years already. My psychic abilities have increased greatly through the years, so I started developing other forms of channeling as well, using candle wax or pure channeling by tuning into another person's mind. My intuitive gifts helped me a lot in my personal life, especially while trying to understand my own shadow aspects and how to integrate them or heal them. As I am healing myself I become even more sensitive and able to pick up the subtleties of the psychological human mind. <\/p>\r\n\t\t\t<\/div>\r\n\t\r\n\t\t\r\n\r\n\t\r\n\t<div class=\"section-title wow zoomIn text-center\">\r\n\t\t\t\t\t<h2>NON-DUALITY<\/h2>\t\t\r\n\t\t<span><\/span>\r\n\t\t\t\t<p>I know deeply in my heart that every living being (including human being) is infinite consciousness. The name Infinite Sky is always pointing to one and the same. There are many different names of this which is beyond all names. Pure awareness = universe = the self = god = Christ consciousness = the what is = presence = nothingness = emptiness. The great spiritual awakening is happening on this planet to discover that you always have been this Infinite Consciousness but believed into existence that you are a person. When you function as a person with a self-image there comes an ego. Ego is a imagined relationship with your mind about your self-image. Once individual awakens to his Infinite Self ego slowly starts to dissolve. Sometimes it is very painful and intimidating process but only for the old idea of a person which is fighting for your attention. Many twin flame couples are incarnated together on Earth in this particular timeline for the purpose of spiritual awakening. Again it's usually very complex and painful journey of two souls. Many of them will experience separation phase and once they lose significant amount of ego they will reunite again on this physical plane of existence. But it is happening for one and the same reason. To discover that you are infinite consciousness and you could never be separated from each other. Recognition of non-dual nature is the most powerful thing that could happen in this physical body. It's not just words but my daily experience when I over and over reminded of who I am.<\/p>\r\n\t\t\t<\/div>\r\n\t\r\n\t\t\r\n<div class=\"kc-elm kc-css-121635 kc-animated kc-animate-eff-fadeIn kc_shortcode kc_single_image\">\n\n        <img decoding=\"async\" src=\"https:\/\/infinitesky.eu\/wp-content\/uploads\/2016\/10\/IMG_20191022_165732-300x225.jpg\" class=\"Danguol\u0117 \u017dvirblyt\u0117\" alt=\"\" \/>    <\/div>\n<\/div><\/div><\/div><\/div><\/section><section class=\"kc-elm kc-css-815987 kc_row\"><div class=\"kc-row-container\"><div class=\"kc-wrap-columns\"><div class=\"kc-elm kc-css-322553 kc_col-sm-12 kc_column kc_col-sm-12\"><div class=\"kc-col-container\"><\/div><\/div><\/div><\/div><\/section><section id=\"contact\" class=\"kc-elm kc-css-487384 kc_row\"><div class=\"kc-row-container\"><div class=\"kc-wrap-columns\"><div class=\"kc-elm kc-css-778761 kc_col-sm-12 kc_column kc_col-sm-12\"><div class=\"kc-col-container\"><\/div><\/div><\/div><\/div><\/section><section class=\"kc-elm kc-css-868226 kc_row\"><div class=\"kc-row-container\"><div class=\"kc-wrap-columns\"><div class=\"kc-elm kc-css-99495 kc_col-sm-6 kc_column kc_col-sm-6\"><div class=\"kc-col-container\"><\/div><\/div><div class=\"kc-elm kc-css-224054 kc_col-sm-6 kc_column kc_col-sm-6\"><div class=\"kc-col-container\"><\/div><\/div><\/div><\/div><\/section><section class=\"kc-elm kc-css-202863 kc_row\"><div class=\"kc-row-container  kc-container\"><div class=\"kc-wrap-columns\"><div class=\"kc-elm kc-css-103280 kc_col-sm-12 kc_column kc_col-sm-12\"><div class=\"kc-col-container\">\n<div class=\"kc-elm kc-css-425273 kc-flipbox kc-flip-container\" ontouchstart=\"this.classList.toggle('hover');\">\n\t<div class=\"flipper\">\n\t\t<div class=\"front\">\n\t\t\t<div class=\"front-content\">\n\t\t\t\t<h3>Number of readings<\/h3><p>How many readings were ordered on this website in total?<\/p>\t\t\t<\/div>\n\t\t<\/div>\n\t\t<div class=\"back\">\n\t\t\t<div class=\"des\">\n\t\t\t\t<h3>Number of readings<\/h3><p>160<\/p>\t\t\t<\/div>\n\t\t<\/div>\n\t<\/div>\n<\/div>\n<\/div><\/div><\/div><\/div><\/section><\/p>\n","protected":false},"excerpt":{"rendered":"","protected":false},"author":1,"featured_media":0,"parent":0,"menu_order":0,"comment_status":"closed","ping_status":"closed","template":"kc-template.php","meta":{"footnotes":""},"class_list":["post-53","page","type-page","status-publish","hentry"],"_links":{"self":[{"href":"https:\/\/infinitesky.eu\/index.php\/wp-json\/wp\/v2\/pages\/53","targetHints":{"allow":["GET"]}}],"collection":[{"href":"https:\/\/infinitesky.eu\/index.php\/wp-json\/wp\/v2\/pages"}],"about":[{"href":"https:\/\/infinitesky.eu\/index.php\/wp-json\/wp\/v2\/types\/page"}],"author":[{"embeddable":true,"href":"https:\/\/infinitesky.eu\/index.php\/wp-json\/wp\/v2\/users\/1"}],"replies":[{"embeddable":true,"href":"https:\/\/infinitesky.eu\/index.php\/wp-json\/wp\/v2\/comments?post=53"}],"version-history":[{"count":100,"href":"https:\/\/infinitesky.eu\/index.php\/wp-json\/wp\/v2\/pages\/53\/revisions"}],"predecessor-version":[{"id":806,"href":"https:\/\/infinitesky.eu\/index.php\/wp-json\/wp\/v2\/pages\/53\/revisions\/806"}],"wp:attachment":[{"href":"https:\/\/infinitesky.eu\/index.php\/wp-json\/wp\/v2\/media?parent=53"}],"curies":[{"name":"wp","href":"https:\/\/api.w.org\/{rel}","templated":true}]}}